{"id":813,"date":"2014-10-27T04:27:13","date_gmt":"2014-10-27T08:27:13","guid":{"rendered":"https:\/\/igafamilleviau.com\/page-2-2\/"},"modified":"2024-01-18T10:47:04","modified_gmt":"2024-01-18T15:47:04","slug":"propos","status":"publish","type":"page","link":"https:\/\/igafamilleviau.com\/en\/propos\/","title":{"rendered":"\u00c0 Propos"},"content":{"rendered":"<p style=\"text-align: justify;\"><img loading=\"lazy\" decoding=\"async\" class=\"alignleft wp-image-429 size-medium\" src=\"https:\/\/igafamilleviau.com\/wp-content\/uploads\/2014\/08\/Alexandre-et-V\u00aeronique-Viau-propri\u00aetaires.jpg\" alt=\"Alexandre et V+\u00aeronique Viau, propri+\u00aetaires\" width=\"252\" height=\"300\" srcset=\"https:\/\/igafamilleviau.com\/wp-content\/uploads\/2014\/08\/Alexandre-et-V\u00aeronique-Viau-propri\u00aetaires.jpg 508w, https:\/\/igafamilleviau.com\/wp-content\/uploads\/2014\/08\/Alexandre-et-V\u00aeronique-Viau-propri\u00aetaires-252x300.jpg 252w\" sizes=\"(max-width: 252px) 100vw, 252px\" \/>Le march\u00e9 de l\u2019alimentation constitue un domaine tr\u00e8s comp\u00e9titif o\u00f9 l\u2019obligation de se d\u00e9marquer de la concurrence est omnipr\u00e9sente. Pour la famille Viau, notamment les copropri\u00e9taires et fr\u00e8re et s\u0153ur V\u00e9ronique et Alexandre, l\u2019alimentation fait pratiquement partie de leur code g\u00e9n\u00e9tique.<\/p>\n<p style=\"text-align: justify;\">L\u2019histoire d\u00e9buta en mai 1975 alors que leur p\u00e8re et leur oncle ouvrirent un kiosque de fruits et l\u00e9gumes sous la banni\u00e8re de Viau et fr\u00e8res. Jusqu\u2019en 1980, il \u00e9tait uniquement ouvert pendant la belle saison, soit sept mois par ann\u00e9e.<\/p>\n<p style=\"text-align: justify;\">Toutefois, la grande popularit\u00e9 de leur commerce incita les fr\u00e8res Viau \u00e0 ouvrir les portes de la fruiterie pendant toute l\u2019ann\u00e9e, soit sept jours sur sept, 365 jours par ann\u00e9e.<\/p>\n<p style=\"text-align: justify;\">Le kiosque de fruits et l\u00e9gumes subit au cours des ann\u00e9es une m\u00e9tamorphose, alors que d\u2019une simple \u00e9picerie , il s\u2019est transform\u00e9 en une \u00e9picerie offrant tous les services : boucherie, boulangerie, charcuteries et fromages, fruits et l\u00e9gumes et bien d\u2019autres produits non p\u00e9rissables.<\/p>\n<p style=\"text-align: justify;\">Devant le succ\u00e8s de leur \u00e9picerie, les fr\u00e8res Viau mirent sur pied deux autres \u00e9tablissements, soit \u00e0 L&#8217;\u00cele-Perrot et \u00e0 Rigaud, mais c\u2019est celui situ\u00e9 \u00e0 Vaudreuil-Dorion qui a su traverser les ann\u00e9es et de nombreuses aventures.<\/p>\n<p style=\"text-align: justify;\">Comme le fruit ne tombe jamais bien loin de l\u2019arbre, Alexandre, le fils du fondateur, se joignit \u00e0 l\u2019entreprise en 1997 et put ainsi profiter de l\u2019exp\u00e9rience de son p\u00e8re.<\/p>\n<p style=\"text-align: justify;\">Quelques ann\u00e9es plus tard, la s\u0153ur d\u2019Alexandre, V\u00e9ronique rejoignit son fr\u00e8re au sein de l\u2019entreprise qui devint alors Viau et fils. Et comme le souligne avec \u00e0 propos V\u00e9ronique : \u00ab L\u2019histoire de Viau et fils est connue et reconnue par plusieurs. Nous sommes fiers de cette r\u00e9ussite entrepreneuriale et surtout de notre r\u00e9ussite familiale, car c\u2019est elle qui compte le plus. C\u2019est donc 38 ans en affaires \u00e0 Vaudreuil-Dorion, \u00e0 la m\u00eame adresse et avec la m\u00eame passion \u00bb.<\/p>\n<p style=\"text-align: justify;\">C\u2019est \u00e0 l\u2019\u00e9t\u00e9 2012 que la grande famille Sobeys, propri\u00e9taire de la banni\u00e8re IGA au Qu\u00e9bec communiqua avec la famille Viau. Constatant le succ\u00e8s remport\u00e9 par les \u00e9piceries Viau et fils, Sobeys leur proposa d\u2019acheter et de g\u00e9rer le nouveau supermarch\u00e9 IGA Extra que la firme allait ouvrir \u00e0 Vaudreuil-Dorion. C\u2019est ainsi que naquit IGA Extra Famille Viau en 2013.<\/p>\n<p style=\"text-align: justify;\">Par ailleurs, la dimension environnementale n\u2019a pas \u00e9t\u00e9 n\u00e9glig\u00e9e lors de la construction du b\u00e2timent. Par souci de manifester un comportement \u00e9coresponsable, des mesures ont \u00e9t\u00e9 implant\u00e9es : \u00e9quipement \u00e9conomiseur d\u2019\u00e9nergie, un syst\u00e8me de r\u00e9frig\u00e9ration au CO2, des robinets \u00e9lectroniques pour diminuer la consommation d\u2019eau, peinture et scellant \u00e0 faible \u00e9mission de compos\u00e9s organiques volatils, et l\u2019am\u00e9nagement de conduits de ventilation en tissu au plafond et compostage.<\/p>\n<p style=\"text-align: justify;\">Enfin, Lucien et \u00c9lyse Viau \u00e9prouvent une grande fiert\u00e9 envers leurs enfants, V\u00e9ronique et Alexandre. Ils sont convaincus qu\u2019ils sauront poursuivre avec brio le travail amorc\u00e9 il y a pr\u00e8s de 40 ans. V\u00e9ronique et Alexandre souhaitent d\u2019ailleurs faire cro\u00eetre la force entrepreneuriale h\u00e9rit\u00e9e de leur p\u00e8re.<\/p>\n","protected":false},"excerpt":{"rendered":"<p>Le march\u00e9 de l\u2019alimentation constitue un domaine tr\u00e8s comp\u00e9titif o\u00f9 l\u2019obligation de se d\u00e9marquer de la concurrence est omnipr\u00e9sente. Pour la famille Viau, notamment les copropri\u00e9taires et fr\u00e8re et s\u0153ur V\u00e9ronique et Alexandre, l\u2019alimentation fait pratiquement partie de leur code g\u00e9n\u00e9tique. L\u2019histoire d\u00e9buta en mai 1975 alors que leur p\u00e8re et leur oncle ouvrirent un [&hellip;]<\/p>\n","protected":false},"author":5,"featured_media":948,"parent":0,"menu_order":0,"comment_status":"closed","ping_status":"closed","template":"","meta":{"_seopress_robots_primary_cat":"","_seopress_titles_title":"","_seopress_titles_desc":"","_seopress_robots_index":"","_genesis_hide_title":false,"_genesis_hide_breadcrumbs":false,"_genesis_hide_singular_image":false,"_genesis_hide_footer_widgets":false,"_genesis_custom_body_class":"","_genesis_custom_post_class":"","_genesis_layout":"full-width-content","footnotes":""},"class_list":{"0":"post-813","1":"page","2":"type-page","3":"status-publish","4":"has-post-thumbnail","6":"entry"},"_links":{"self":[{"href":"https:\/\/igafamilleviau.com\/en\/wp-json\/wp\/v2\/pages\/813"}],"collection":[{"href":"https:\/\/igafamilleviau.com\/en\/wp-json\/wp\/v2\/pages"}],"about":[{"href":"https:\/\/igafamilleviau.com\/en\/wp-json\/wp\/v2\/types\/page"}],"author":[{"embeddable":true,"href":"https:\/\/igafamilleviau.com\/en\/wp-json\/wp\/v2\/users\/5"}],"replies":[{"embeddable":true,"href":"https:\/\/igafamilleviau.com\/en\/wp-json\/wp\/v2\/comments?post=813"}],"version-history":[{"count":7,"href":"https:\/\/igafamilleviau.com\/en\/wp-json\/wp\/v2\/pages\/813\/revisions"}],"predecessor-version":[{"id":1405,"href":"https:\/\/igafamilleviau.com\/en\/wp-json\/wp\/v2\/pages\/813\/revisions\/1405"}],"wp:featuredmedia":[{"embeddable":true,"href":"https:\/\/igafamilleviau.com\/en\/wp-json\/wp\/v2\/media\/948"}],"wp:attachment":[{"href":"https:\/\/igafamilleviau.com\/en\/wp-json\/wp\/v2\/media?parent=813"}],"curies":[{"name":"wp","href":"https:\/\/api.w.org\/{rel}","templated":true}]}}